{"id":176,"date":"2022-12-05T13:32:31","date_gmt":"2022-12-05T13:32:31","guid":{"rendered":"http:\/\/sergiotobon.co\/es\/?page_id=176"},"modified":"2022-12-05T18:11:13","modified_gmt":"2022-12-05T18:11:13","slug":"homo-complexus","status":"publish","type":"page","link":"http:\/\/sergiotobon.co\/es\/homo-complexus\/","title":{"rendered":"Homo Complexus"},"content":{"rendered":"<div class=\"vce-row-container\" data-vce-boxed-width=\"true\"><div class=\"vce-row vce-row--col-gap-30 vce-row-equal-height vce-row-content--top\" id=\"el-3ddb6740\" data-vce-do-apply=\"all el-3ddb6740\"><div class=\"vce-row-content\" data-vce-element-content=\"true\"><div class=\"vce-col vce-col--md-auto vce-col--xs-1 vce-col--xs-last vce-col--xs-first vce-col--sm-last vce-col--sm-first vce-col--md-last vce-col--lg-last vce-col--xl-last vce-col--md-first vce-col--lg-first vce-col--xl-first\" id=\"el-1782d30d\"><div class=\"vce-col-inner\" data-vce-do-apply=\"border margin background  el-1782d30d\"><div class=\"vce-col-content\" data-vce-element-content=\"true\" data-vce-do-apply=\"padding el-1782d30d\"><div><\/div><\/div><\/div><\/div><\/div><\/div><\/div><div class=\"vce-row-container\" data-vce-boxed-width=\"true\"><div class=\"vce-row vce-row--col-gap-30 vce-row-equal-height vce-row-content--top\" id=\"el-e914e5df\" data-vce-do-apply=\"all el-e914e5df\"><div class=\"vce-row-content\" data-vce-element-content=\"true\"><div class=\"vce-col vce-col--md-16-66p vce-col--xs-1 vce-col--xs-last vce-col--xs-first vce-col--sm-last vce-col--sm-first vce-col--md-first vce-col--lg-first vce-col--xl-first\" id=\"el-43c3548f\"><div class=\"vce-col-inner\" data-vce-do-apply=\"border margin background  el-43c3548f\"><div class=\"vce-col-content\" data-vce-element-content=\"true\" data-vce-do-apply=\"padding el-43c3548f\"><div><\/div><\/div><\/div><\/div><div class=\"vce-col vce-col--md-66-66p vce-col--xs-1 vce-col--xs-last vce-col--xs-first vce-col--sm-last vce-col--sm-first\" id=\"el-30fa1317\"><div class=\"vce-col-inner\" data-vce-do-apply=\"border margin background  el-30fa1317\"><div class=\"vce-col-content\" data-vce-element-content=\"true\" data-vce-do-apply=\"padding el-30fa1317\"><div class=\"vce-text-block\"><div class=\"vce-text-block-wrapper vce\" id=\"el-ecd76ea9\" data-vce-do-apply=\"all el-ecd76ea9\"><p><a class=\"dt-pswp-item\" href=\"http:\/\/sergiotobon.co\/es\/wp-content\/uploads\/2022\/12\/Complexus-gr\u00e1fico.png\" data-dt-img-description=\"\" data-large_image_width=\"3300\" data-large_image_height=\"2550\"><img decoding=\"async\" loading=\"lazy\" class=\" wp-image-177 aligncenter\" src=\"http:\/\/sergiotobon.co\/es\/wp-content\/uploads\/2022\/12\/Complexus-gr\u00e1fico-300x232.png\" alt=\"\" width=\"623\" height=\"482\" srcset=\"http:\/\/sergiotobon.co\/es\/wp-content\/uploads\/2022\/12\/Complexus-gr\u00e1fico-300x232.png 300w, http:\/\/sergiotobon.co\/es\/wp-content\/uploads\/2022\/12\/Complexus-gr\u00e1fico-768x593.png 768w, http:\/\/sergiotobon.co\/es\/wp-content\/uploads\/2022\/12\/Complexus-gr\u00e1fico-1024x791.png 1024w\" sizes=\"(max-width: 623px) 100vw, 623px\" \/><\/a><a class=\"dt-pswp-item\" href=\"http:\/\/sergiotobon.co\/es\/wp-content\/uploads\/2022\/12\/homo-complexus.png\" data-dt-img-description=\"\" data-large_image_width=\"1143\" data-large_image_height=\"497\"><img decoding=\"async\" loading=\"lazy\" class=\"size-medium wp-image-178 alignleft\" src=\"http:\/\/sergiotobon.co\/es\/wp-content\/uploads\/2022\/12\/homo-complexus-300x130.png\" alt=\"\" width=\"300\" height=\"130\" srcset=\"http:\/\/sergiotobon.co\/es\/wp-content\/uploads\/2022\/12\/homo-complexus-300x130.png 300w, http:\/\/sergiotobon.co\/es\/wp-content\/uploads\/2022\/12\/homo-complexus-768x334.png 768w, http:\/\/sergiotobon.co\/es\/wp-content\/uploads\/2022\/12\/homo-complexus-1024x445.png 1024w, http:\/\/sergiotobon.co\/es\/wp-content\/uploads\/2022\/12\/homo-complexus.png 1143w\" sizes=\"(max-width: 300px) 100vw, 300px\" \/><\/a><\/p>\n<p style=\"padding-left: 10px; text-align: justify;\">Partir del <em><strong>complexus<\/strong> <\/em>para la comprensi\u00f3n del sujeto y en especial de los actores educativos como seres humanos, per\u00admite la visualizaci\u00f3n de seres totalizados, no fragmentados, no fracturados, no compartimentados, se trata de la mirada al ser humano en integridad. Es el despliegue y movilidad de hablar y pensar\/lo como unidad, con mirada y an\u00e1lisis desde su esencia, hacia el otro, los otros y lo otro, hacia sus actos, hacia sus producciones y experiencias.<\/p>\n<p style=\"padding-left: 10px; text-align: justify;\">En acercamiento y punto de partida, se le puede entender como un ser vivo, homo sapiens, con caracter\u00edsticas propias, pero a su vez universales, con sentimientos y emociones, afectos y sensibilidad, con libertad e identidad. Un ser humano racional que conoce, construye y deconstruye, forma y transforma, y est\u00e1 inscrito en una cultura, y adem\u00e1s un ser humano en cuerpo biol\u00f3gico que se humaniza en el lenguaje como su morada.<\/p>\n<p style=\"padding-left: 10px; text-align: justify;\">Son principios, que dan lugar a esa categorizaci\u00f3n - concepci\u00f3n del sujeto como ser pen\u00adsante, con emoci\u00f3n y cultura en un organismo f\u00edsico, y con un lenguaje que lo une con el mundo.<\/p>\n<p style=\"padding-left: 10px; text-align: justify;\">El <em><strong>Complexus<\/strong> <\/em>del ser humano explica la permanente construcci\u00f3n del sujeto por lo que ve, siente, oye y recibe del otro y de su entorno. Un ser con pasi\u00f3n, lleno de preguntas, incertidumbres y sospechas, (consonancias, disonancias, resonancias). Habitante de un mundo que lo invita a crecer. \u00c9l recibe del otro (s) y lo otro como mundo entorno experiencias a manera de lenguajes. \u00c9l las asimila y las transforma us\u00e1ndolas, y a manera de conocimiento, las devuelve al exterior, son socius imprescindibles en humanidad (alteridad \u2013 otredad). Esta simbiog\u00e9nesis implica un doble trayecto: de la entrada, es de\u00adcir, del extranjero hacia el sujeto, experiencia situada en el afuera exterior que llega a manera de lenguaje y es asimilada mediante un proceso; y de salida su exteriorizaci\u00f3n, experiencia expresada en palabras que han sido transformadas.<\/p>\n<p style=\"padding-left: 10px; text-align: justify;\">En este orden de ideas se tiene en el campo educativo a seres humanos, a seres cognitivos, emotivos y sociales (dimensiones propias del ser, unidad indivisible, nudo Borromeo), al sujeto activo dador de mundo y al sujeto activo en espera de nutrirse, ambos educando \u2013 educador en constante mo\u00advimiento gnoseol\u00f3gico buscando satisfacer su curiosidad, son constructores en permanente interacci\u00f3n y encuentro, que se reconocen entre s\u00ed y reconocen al otro con la palabra en di\u00e1logo de humanidad. Un ser que, como dice E. Morin \u201cconstituye en s\u00ed mismo un cosmos\u201d, que lleva y recibe ese equipaje del otro que lo va construyendo a trav\u00e9s de su existencia.<\/p>\n<p>&nbsp;<\/p>\n<p><a class=\"dt-pswp-item\" href=\"http:\/\/sergiotobon.co\/es\/wp-content\/uploads\/2022\/12\/inivitacion-convocatoria.png\" data-dt-img-description=\"\" data-large_image_width=\"1143\" data-large_image_height=\"497\"><img decoding=\"async\" loading=\"lazy\" class=\"size-medium wp-image-179 alignleft\" src=\"http:\/\/sergiotobon.co\/es\/wp-content\/uploads\/2022\/12\/inivitacion-convocatoria-300x130.png\" alt=\"\" width=\"300\" height=\"130\" srcset=\"http:\/\/sergiotobon.co\/es\/wp-content\/uploads\/2022\/12\/inivitacion-convocatoria-300x130.png 300w, http:\/\/sergiotobon.co\/es\/wp-content\/uploads\/2022\/12\/inivitacion-convocatoria-768x334.png 768w, http:\/\/sergiotobon.co\/es\/wp-content\/uploads\/2022\/12\/inivitacion-convocatoria-1024x445.png 1024w, http:\/\/sergiotobon.co\/es\/wp-content\/uploads\/2022\/12\/inivitacion-convocatoria.png 1143w\" sizes=\"(max-width: 300px) 100vw, 300px\" \/><\/a><\/p>\n<p style=\"text-align: justify;\">La primera escritura del complexus fue realizada en el a\u00f1o 2012 en la obra \u201cProyecto de aula: una mirada a trav\u00e9s del educando y el educador\u201d, luego fue ampliada en el a\u00f1o 2016 en la obra \u201cLa palabra en el educar; una emergencia vital\u201d, ambos textos se encuentran en esta misma p\u00e1gina web.<\/p>\n<p style=\"text-align: justify;\">Se invita al lector y en an\u00e1lisis del complexus, a tener presente para su comprensi\u00f3n, algunas palabras e ideas potentes que surgen de la sola mirada y las cuales pueden ser desarrolladas en lectura de diversas obras que se recomiendan a posteriori. Las palabras e ideas potentes son:<\/p>\n<p style=\"text-align: justify;\">Humanidad, educar, unicidad, diversidad, identidad, alteridad, otredad, el otro, los otros, lo otro, reconocimiento, lenguaje, palabra, habla, ser f\u00edsico, ser biol\u00f3gico, dimensiones cognici\u00f3n \u2013 emoci\u00f3n - social, simbiog\u00e9nesis, experiencias, vivencias, contexto, mundo entorno, Y sujeto (complejo), como conoce el ser humano, constructivismo, educar como encuentro.<\/p>\n<p style=\"text-align: justify;\">&nbsp;<\/p>\n<p style=\"text-align: justify;\">As\u00ed mismo se brindan algunos textos y pensadores que m\u00e1s all\u00e1 de ser conformadores de bibliograf\u00eda convocan ilustrativamente al complexus:<\/p>\n<p style=\"text-align: left;\">BARCENAS. F. (2005) La experiencia del comienzo en educaci\u00f3n: Una pedagog\u00eda del acontecimiento en ARELLANO. Antonio la educaci\u00f3n en tiempos d\u00e9biles e inciertos Espa\u00f1a: Anthropos.<\/p>\n<p style=\"text-align: left;\">BARCENAS, F. (2006). Pensar la educaci\u00f3n desde la experiencia. La educaci\u00f3n y el regreso de la experiencia. Revista portuguesa de pedagog\u00eda rpp. A\u00f1o 40-1.<\/p>\n<p style=\"text-align: left;\">CHOMSKY, N. (2003). Sobre la naturaleza y el lenguaje. USA: \u201cCambridge University Press.<\/p>\n<p style=\"text-align: left;\">CHOMSKY, N. (1981). Reflexiones acerca del lenguaje. M\u00e9xico: Trillas.<\/p>\n<p style=\"text-align: left;\">COLEMAN, D. (2011). La inteligencia Emocional. M\u00e9xico: Zeta Bolsillo.<\/p>\n<p style=\"text-align: left;\">EISNER, W.E. (1998) Cognici\u00f3n y representaci\u00f3n persiguiendo un sue\u00f1o. Universidad de Chile. Revista Enfoques Educacionales Vol. I Nro. I.<\/p>\n<p style=\"text-align: left;\">FLOREZ. R. (2005). Pedagog\u00eda del conocimiento. Bogot\u00e1: McGraw Hill.<\/p>\n<p style=\"text-align: left;\">FOUCAULT, M. (2002) Vigilar y castigar. Argentina: Siglo XXI editores.<\/p>\n<p style=\"text-align: left;\">FOUCAULT, M. (1968). Las palabras y las cosas. Argentina: Siglo XXI. editores.<\/p>\n<p style=\"text-align: left;\">FREINET, \u201c. (1973) El texto libre. Barcelona: Laia<\/p>\n<p style=\"text-align: left;\">FREINET, \u201c. (1974) Consejos a Maestros j\u00f3venes. Barcelona: Laia.<\/p>\n<p style=\"text-align: left;\">FREIRE, P. (2005). Pedagog\u00eda del oprimido. M\u00e9xico: Siglo XXI editores.<\/p>\n<p style=\"text-align: left;\">HEIDEGGER, M (2006) Carta sobre el humanismo. Madrid: Alianza Editorial<\/p>\n<p style=\"text-align: left;\">HEIDEGGER, M. (1987). De camino al Habla, Barcelona: Serbal \u2013Guitar.<\/p>\n<p style=\"text-align: left;\">LEVINAS, E. (2002) Totalidad e infinito. Ensayo sobre la exterioridad. Salamanca-Espa\u00f1a: Ediciones S\u00edgueme.<\/p>\n<p style=\"text-align: left;\">LEVINAS, E. (1993). El tiempo y el otro. Espa\u00f1a: Paid\u00f3s<\/p>\n<p style=\"text-align: left;\">MATURANA, H. (2001). Emociones y lenguaje en educaci\u00f3n y pol\u00edtica, Chile: Ed Dolmen.<\/p>\n<p style=\"text-align: left;\">MATURANA, H. (1996) El sentido de lo humano. Chile: Ed Dolmen.<\/p>\n<p style=\"text-align: left;\">MELICH, J.C. (2006). Pensar la educaci\u00f3n desde la experiencia. La educaci\u00f3n y la experiencia de la finitud. Revista portuguesa de pedagog\u00eda rpp. A\u00f1o 40-1.<\/p>\n<p style=\"text-align: left;\">MORIN. E. (2001) Los Siete Saberes Necesarios para la Educaci\u00f3n del Futuro. Unesco. Bogot\u00e1. Ed Magisterio.<\/p>\n<p style=\"text-align: left;\">SKLIAR, C. (2007). \u00bfY si el otro no estuviera ah\u00ed? Notas para una pedagog\u00eda (improbable) de la diferencia. Buenos Aires: Mi\u00f1o y D\u00e1vila.<\/p>\n<p style=\"text-align: left;\">SKLIAR, C. (2009). Experiencia y alteridad en educaci\u00f3n Buenos Aires: Homo Sapiens.<\/p>\n<p style=\"text-align: left;\">SKLIAR, C. (2007). La educaci\u00f3n [que es] del otro. Argumentos y desierto de argumentos pedag\u00f3gicos. Buenos Aires: Noveduc.<\/p>\n<p style=\"text-align: left;\">TOBON, S. (2012). Proyecto de aula: Una mirada a trav\u00e9s del educando y educador. Cali. Ed Feriva.<\/p>\n<p style=\"text-align: left;\">TOBON, S. (2016). La palabra en el educar: Una emergencia vital. Cali. Ed Impresiones graficas.<\/p>\n<p style=\"text-align: left;\">VIGOTSKY, L. (1995). Pensamiento y lenguaje. Psikolibro Http:\/\/psikolibro.blogspot.<\/p><\/div><\/div><\/div><\/div><\/div><div class=\"vce-col vce-col--md-16-66p vce-col--xs-1 vce-col--xs-last vce-col--xs-first vce-col--sm-last vce-col--sm-first vce-col--md-last vce-col--lg-last vce-col--xl-last\" id=\"el-94c9de14\"><div class=\"vce-col-inner\" data-vce-do-apply=\"border margin background  el-94c9de14\"><div class=\"vce-col-content\" data-vce-element-content=\"true\" data-vce-do-apply=\"padding el-94c9de14\"><div><\/div><\/div><\/div><\/div><\/div><\/div><\/div>","protected":false},"excerpt":{"rendered":"<p>Partir del complexus para la comprensi\u00f3n del sujeto y en especial de los actores educativos como seres humanos, per\u00admite la visualizaci\u00f3n de seres totalizados, no fragmentados, no fracturados, no compartimentados, se trata de la mirada al ser humano en integridad. Es el despliegue y movilidad de hablar y pensar\/lo como unidad, con mirada y an\u00e1lisis&hellip;<\/p>\n","protected":false},"author":2,"featured_media":0,"parent":0,"menu_order":0,"comment_status":"closed","ping_status":"closed","template":"","meta":[],"_links":{"self":[{"href":"http:\/\/sergiotobon.co\/es\/wp-json\/wp\/v2\/pages\/176"}],"collection":[{"href":"http:\/\/sergiotobon.co\/es\/wp-json\/wp\/v2\/pages"}],"about":[{"href":"http:\/\/sergiotobon.co\/es\/wp-json\/wp\/v2\/types\/page"}],"author":[{"embeddable":true,"href":"http:\/\/sergiotobon.co\/es\/wp-json\/wp\/v2\/users\/2"}],"replies":[{"embeddable":true,"href":"http:\/\/sergiotobon.co\/es\/wp-json\/wp\/v2\/comments?post=176"}],"version-history":[{"count":9,"href":"http:\/\/sergiotobon.co\/es\/wp-json\/wp\/v2\/pages\/176\/revisions"}],"predecessor-version":[{"id":194,"href":"http:\/\/sergiotobon.co\/es\/wp-json\/wp\/v2\/pages\/176\/revisions\/194"}],"wp:attachment":[{"href":"http:\/\/sergiotobon.co\/es\/wp-json\/wp\/v2\/media?parent=176"}],"curies":[{"name":"wp","href":"https:\/\/api.w.org\/{rel}","templated":true}]}}